{"id":39,"date":"2016-01-05T09:12:31","date_gmt":"2016-01-05T09:12:31","guid":{"rendered":"http:\/\/old.institutcataladelpeu.com\/ca\/?page_id=39"},"modified":"2017-06-06T13:48:50","modified_gmt":"2017-06-06T13:48:50","slug":"sostenibilitat-i-rsc","status":"publish","type":"page","link":"https:\/\/old.institutcataladelpeu.com\/ca\/qui-som\/sostenibilitat-i-rsc\/","title":{"rendered":"Sostenibilitat i RSC"},"content":{"rendered":"<p><span class=\"entry-title-secundary\">Governan\u00e7a de l&#8217;Institut:<\/span><\/p>\n<p>Adoptem els criteris de Responsabilitat Social Corporativa (RSC) en la gesti\u00f3 di\u00e0ria de l\u2019Institut basant-nos en la responsabilitat pel nostre impacte, integrant en les nostres pol\u00edtiques la preocupaci\u00f3 per la societat, el medi ambient, l\u2019\u00e8tica professional (<a href=\"http:\/\/www.podocat.com\/Default.aspx?tabid=106\">Codi Deontol\u00f2gic<\/a>), la transpar\u00e8ncia informativa i el respecte pels Drets Humans.<\/p>\n<p><img  title=\"Sostenibilitat i RSC\" loading=\"lazy\" decoding=\"async\" class=\"alignnone size-medium wp-image-253\" src=\"http:\/\/old.institutcataladelpeu.com\/wp-content\/uploads\/2014\/03\/img-sostenibilidad-300x201.png\"  alt=\"Sostenibilitat i RSC\"  width=\"300\" height=\"201\" \/><\/p>\n<p><span class=\"entry-title-secundary\">\u00c0rees d&#8217;aplicaci\u00f3 de l\u2019RSC:<\/span><\/p>\n<p><span class=\"sub-sostenibilidad\">Clients<\/span><br \/>\nEstablir una comunicaci\u00f3 flu\u00efda i un di\u00e0leg permanent amb els nostres clients per aix\u00ed con\u00e8ixer el seu grau de satisfacci\u00f3. Aquest aspecte ens ajudar\u00e0 a millorar di\u00e0riament per garantir la salut, seguretat i qualitat dels nostres serveis.<\/p>\n<p><span class=\"sub-sostenibilidad\">Comunitat<\/span><br \/>\nCreiem que \u00e9s molt important vincular-nos amb l\u2019entorn en el que desenvolupem la nostra activitat. \u00c9s per aquest motiu que oferim les nostres instal\u00b7lacions per a la realitzaci\u00f3 de programes de desenvolupament del coneixement tant per a professionals (cursos especialitzats) com per a la societat (tallers gratu\u00efts per a la divulgaci\u00f3 de la import\u00e0ncia de la cura dels nostres peus).<\/p>\n<p><span class=\"sub-sostenibilidad\">Societat<\/span><br \/>\nIdentificar les oportunitats per establir aliances amb altres organitzacions, empreses, persones emprenedores i universitats; amb l\u2019objectiu d\u2019afavorir el desenvolupament hum\u00e0 basat en el coneixement de la import\u00e0ncia de la salut dels peus i els seus impactes. Establint un preu just per als nostres serveis.<\/p>\n<p><span class=\"sub-sostenibilidad\">Medi ambient<\/span><br \/>\nPel nostre comprom\u00eds i implicaci\u00f3 en la cura del medi ambient, des de l\u2019Institut s\u2019han establert mecanismes per l\u2019optimitzaci\u00f3 dels recursos naturals: sobre el consum de llum i aigua, i sobre la gesti\u00f3 dels residus.<\/p>\n<div class=\"referencia-1\">\n<p><span class=\"referencia\">1987 Informe Brundtland \u201cOur Common Future\u201d es defineix la paraula Sostenibilitat:<\/span><\/p>\n<p>Satisfer les necessitats del present, sense comprometre la capacitat de les generacions futures de satisfer les seves pr\u00f2pies necessitats.<\/p>\n<\/div>\n","protected":false},"excerpt":{"rendered":"<p>Governan\u00e7a de l&#8217;Institut: Adoptem els criteris de Responsabilitat Social Corporativa (RSC) en la gesti\u00f3 di\u00e0ria de l\u2019Institut basant-nos en la responsabilitat pel nostre impacte, integrant en les nostres pol\u00edtiques la preocupaci\u00f3 per la societat, el medi ambient, l\u2019\u00e8tica professional (Codi Deontol\u00f2gic), la transpar\u00e8ncia informativa i el respecte pels Drets Humans. \u00c0rees d&#8217;aplicaci\u00f3 de l\u2019RSC: Clients [&hellip;]<\/p>\n","protected":false},"author":1,"featured_media":0,"parent":30,"menu_order":0,"comment_status":"closed","ping_status":"closed","template":"","meta":{"footnotes":""},"class_list":["post-39","page","type-page","status-publish","hentry"],"yoast_head":"<!-- This site is optimized with the Yoast SEO plugin v27.4 - https:\/\/yoast.com\/product\/yoast-seo-wordpress\/ -->\n<title>Sostenibilitat i RSC - Institut Catal\u00e0 del Peu<\/title>\n<meta name=\"description\" content=\"Adoptem els criteris de Responsabilitat Social Corporativa (RSC) en la gesti\u00f3 di\u00e0ria de l\u2019Institut basant-nos en la responsabilitat pel nostre impacte.\" \/>\n<meta name=\"robots\" content=\"noindex, follow, max-snippet:-1, max-image-preview:large, max-video-preview:-1\" \/>\n<meta property=\"og:locale\" content=\"ca_ES\" \/>\n<meta property=\"og:type\" content=\"article\" \/>\n<meta property=\"og:title\" content=\"Sostenibilitat i RSC - Institut Catal\u00e0 del Peu\" \/>\n<meta property=\"og:description\" content=\"Adoptem els criteris de Responsabilitat Social Corporativa (RSC) en la gesti\u00f3 di\u00e0ria de l\u2019Institut basant-nos en la responsabilitat pel nostre impacte.\" \/>\n<meta property=\"og:url\" content=\"https:\/\/old.institutcataladelpeu.com\/ca\/qui-som\/sostenibilitat-i-rsc\/\" \/>\n<meta property=\"og:site_name\" content=\"Institut Catal\u00e0 del Peu\" \/>\n<meta property=\"article:publisher\" content=\"https:\/\/www.facebook.com\/institutcataladelpeu\/\" \/>\n<meta property=\"article:modified_time\" content=\"2017-06-06T13:48:50+00:00\" \/>\n<meta property=\"og:image\" content=\"http:\/\/old.institutcataladelpeu.com\/wp-content\/uploads\/2014\/03\/img-sostenibilidad-300x201.png\" \/>\n<meta name=\"twitter:card\" content=\"summary_large_image\" \/>\n<meta name=\"twitter:site\" content=\"@ICPeu\" \/>\n<meta name=\"twitter:label1\" content=\"Temps estimat de lectura\" \/>\n\t<meta name=\"twitter:data1\" content=\"1 minut\" \/>\n<script type=\"application\/ld+json\" class=\"yoast-schema-graph\">{\"@context\":\"https:\\\/\\\/schema.org\",\"@graph\":[{\"@type\":\"WebPage\",\"@id\":\"https:\\\/\\\/old.institutcataladelpeu.com\\\/ca\\\/qui-som\\\/sostenibilitat-i-rsc\\\/\",\"url\":\"https:\\\/\\\/old.institutcataladelpeu.com\\\/ca\\\/qui-som\\\/sostenibilitat-i-rsc\\\/\",\"name\":\"Sostenibilitat i RSC - Institut Catal\u00e0 del Peu\",\"isPartOf\":{\"@id\":\"https:\\\/\\\/old.institutcataladelpeu.com\\\/en\\\/#website\"},\"primaryImageOfPage\":{\"@id\":\"https:\\\/\\\/old.institutcataladelpeu.com\\\/ca\\\/qui-som\\\/sostenibilitat-i-rsc\\\/#primaryimage\"},\"image\":{\"@id\":\"https:\\\/\\\/old.institutcataladelpeu.com\\\/ca\\\/qui-som\\\/sostenibilitat-i-rsc\\\/#primaryimage\"},\"thumbnailUrl\":\"http:\\\/\\\/old.institutcataladelpeu.com\\\/wp-content\\\/uploads\\\/2014\\\/03\\\/img-sostenibilidad-300x201.png\",\"datePublished\":\"2016-01-05T09:12:31+00:00\",\"dateModified\":\"2017-06-06T13:48:50+00:00\",\"description\":\"Adoptem els criteris de Responsabilitat Social Corporativa (RSC) en la gesti\u00f3 di\u00e0ria de l\u2019Institut basant-nos en la responsabilitat pel nostre impacte.\",\"breadcrumb\":{\"@id\":\"https:\\\/\\\/old.institutcataladelpeu.com\\\/ca\\\/qui-som\\\/sostenibilitat-i-rsc\\\/#breadcrumb\"},\"inLanguage\":\"ca\",\"potentialAction\":[{\"@type\":\"ReadAction\",\"target\":[\"https:\\\/\\\/old.institutcataladelpeu.com\\\/ca\\\/qui-som\\\/sostenibilitat-i-rsc\\\/\"]}]},{\"@type\":\"ImageObject\",\"inLanguage\":\"ca\",\"@id\":\"https:\\\/\\\/old.institutcataladelpeu.com\\\/ca\\\/qui-som\\\/sostenibilitat-i-rsc\\\/#primaryimage\",\"url\":\"http:\\\/\\\/old.institutcataladelpeu.com\\\/wp-content\\\/uploads\\\/2014\\\/03\\\/img-sostenibilidad-300x201.png\",\"contentUrl\":\"http:\\\/\\\/old.institutcataladelpeu.com\\\/wp-content\\\/uploads\\\/2014\\\/03\\\/img-sostenibilidad-300x201.png\"},{\"@type\":\"BreadcrumbList\",\"@id\":\"https:\\\/\\\/old.institutcataladelpeu.com\\\/ca\\\/qui-som\\\/sostenibilitat-i-rsc\\\/#breadcrumb\",\"itemListElement\":[{\"@type\":\"ListItem\",\"position\":1,\"name\":\"Portada\",\"item\":\"https:\\\/\\\/old.institutcataladelpeu.com\\\/ca\\\/\"},{\"@type\":\"ListItem\",\"position\":2,\"name\":\"Qui som\",\"item\":\"https:\\\/\\\/old.institutcataladelpeu.com\\\/ca\\\/qui-som\\\/\"},{\"@type\":\"ListItem\",\"position\":3,\"name\":\"Sostenibilitat i RSC\"}]},{\"@type\":\"WebSite\",\"@id\":\"https:\\\/\\\/old.institutcataladelpeu.com\\\/en\\\/#website\",\"url\":\"https:\\\/\\\/old.institutcataladelpeu.com\\\/en\\\/\",\"name\":\"Institut Catal\u00e0 del Peu\",\"description\":\"Podolog\u00eda Barcelona\",\"publisher\":{\"@id\":\"https:\\\/\\\/old.institutcataladelpeu.com\\\/en\\\/#organization\"},\"potentialAction\":[{\"@type\":\"SearchAction\",\"target\":{\"@type\":\"EntryPoint\",\"urlTemplate\":\"https:\\\/\\\/old.institutcataladelpeu.com\\\/en\\\/?s={search_term_string}\"},\"query-input\":{\"@type\":\"PropertyValueSpecification\",\"valueRequired\":true,\"valueName\":\"search_term_string\"}}],\"inLanguage\":\"ca\"},{\"@type\":\"Organization\",\"@id\":\"https:\\\/\\\/old.institutcataladelpeu.com\\\/en\\\/#organization\",\"name\":\"Institut Catal\u00e0 del Peu\",\"url\":\"https:\\\/\\\/old.institutcataladelpeu.com\\\/en\\\/\",\"logo\":{\"@type\":\"ImageObject\",\"inLanguage\":\"ca\",\"@id\":\"https:\\\/\\\/old.institutcataladelpeu.com\\\/en\\\/#\\\/schema\\\/logo\\\/image\\\/\",\"url\":\"http:\\\/\\\/old.institutcataladelpeu.com\\\/wp-content\\\/uploads\\\/2018\\\/01\\\/logo-ICP-nou.png\",\"contentUrl\":\"http:\\\/\\\/old.institutcataladelpeu.com\\\/wp-content\\\/uploads\\\/2018\\\/01\\\/logo-ICP-nou.png\",\"width\":335,\"height\":210,\"caption\":\"Institut Catal\u00e0 del Peu\"},\"image\":{\"@id\":\"https:\\\/\\\/old.institutcataladelpeu.com\\\/en\\\/#\\\/schema\\\/logo\\\/image\\\/\"},\"sameAs\":[\"https:\\\/\\\/www.facebook.com\\\/institutcataladelpeu\\\/\",\"https:\\\/\\\/x.com\\\/ICPeu\",\"https:\\\/\\\/www.instagram.com\\\/institutcataladelpeu\\\/\",\"https:\\\/\\\/www.linkedin.com\\\/company\\\/institut-catala-del-peu\\\/\",\"https:\\\/\\\/www.pinterest.com\\\/institutcataladelpeu\\\/\",\"https:\\\/\\\/www.youtube.com\\\/channel\\\/UCBNI2UFUkMTtXV8lebNvvLA\"]}]}<\/script>\n<!-- \/ Yoast SEO plugin. -->","yoast_head_json":{"title":"Sostenibilitat i RSC - Institut Catal\u00e0 del Peu","description":"Adoptem els criteris de Responsabilitat Social Corporativa (RSC) en la gesti\u00f3 di\u00e0ria de l\u2019Institut basant-nos en la responsabilitat pel nostre impacte.","robots":{"index":"noindex","follow":"follow","max-snippet":"max-snippet:-1","max-image-preview":"max-image-preview:large","max-video-preview":"max-video-preview:-1"},"og_locale":"ca_ES","og_type":"article","og_title":"Sostenibilitat i RSC - Institut Catal\u00e0 del Peu","og_description":"Adoptem els criteris de Responsabilitat Social Corporativa (RSC) en la gesti\u00f3 di\u00e0ria de l\u2019Institut basant-nos en la responsabilitat pel nostre impacte.","og_url":"https:\/\/old.institutcataladelpeu.com\/ca\/qui-som\/sostenibilitat-i-rsc\/","og_site_name":"Institut Catal\u00e0 del Peu","article_publisher":"https:\/\/www.facebook.com\/institutcataladelpeu\/","article_modified_time":"2017-06-06T13:48:50+00:00","og_image":[{"url":"http:\/\/old.institutcataladelpeu.com\/wp-content\/uploads\/2014\/03\/img-sostenibilidad-300x201.png","type":"","width":"","height":""}],"twitter_card":"summary_large_image","twitter_site":"@ICPeu","twitter_misc":{"Temps estimat de lectura":"1 minut"},"schema":{"@context":"https:\/\/schema.org","@graph":[{"@type":"WebPage","@id":"https:\/\/old.institutcataladelpeu.com\/ca\/qui-som\/sostenibilitat-i-rsc\/","url":"https:\/\/old.institutcataladelpeu.com\/ca\/qui-som\/sostenibilitat-i-rsc\/","name":"Sostenibilitat i RSC - Institut Catal\u00e0 del Peu","isPartOf":{"@id":"https:\/\/old.institutcataladelpeu.com\/en\/#website"},"primaryImageOfPage":{"@id":"https:\/\/old.institutcataladelpeu.com\/ca\/qui-som\/sostenibilitat-i-rsc\/#primaryimage"},"image":{"@id":"https:\/\/old.institutcataladelpeu.com\/ca\/qui-som\/sostenibilitat-i-rsc\/#primaryimage"},"thumbnailUrl":"http:\/\/old.institutcataladelpeu.com\/wp-content\/uploads\/2014\/03\/img-sostenibilidad-300x201.png","datePublished":"2016-01-05T09:12:31+00:00","dateModified":"2017-06-06T13:48:50+00:00","description":"Adoptem els criteris de Responsabilitat Social Corporativa (RSC) en la gesti\u00f3 di\u00e0ria de l\u2019Institut basant-nos en la responsabilitat pel nostre impacte.","breadcrumb":{"@id":"https:\/\/old.institutcataladelpeu.com\/ca\/qui-som\/sostenibilitat-i-rsc\/#breadcrumb"},"inLanguage":"ca","potentialAction":[{"@type":"ReadAction","target":["https:\/\/old.institutcataladelpeu.com\/ca\/qui-som\/sostenibilitat-i-rsc\/"]}]},{"@type":"ImageObject","inLanguage":"ca","@id":"https:\/\/old.institutcataladelpeu.com\/ca\/qui-som\/sostenibilitat-i-rsc\/#primaryimage","url":"http:\/\/old.institutcataladelpeu.com\/wp-content\/uploads\/2014\/03\/img-sostenibilidad-300x201.png","contentUrl":"http:\/\/old.institutcataladelpeu.com\/wp-content\/uploads\/2014\/03\/img-sostenibilidad-300x201.png"},{"@type":"BreadcrumbList","@id":"https:\/\/old.institutcataladelpeu.com\/ca\/qui-som\/sostenibilitat-i-rsc\/#breadcrumb","itemListElement":[{"@type":"ListItem","position":1,"name":"Portada","item":"https:\/\/old.institutcataladelpeu.com\/ca\/"},{"@type":"ListItem","position":2,"name":"Qui som","item":"https:\/\/old.institutcataladelpeu.com\/ca\/qui-som\/"},{"@type":"ListItem","position":3,"name":"Sostenibilitat i RSC"}]},{"@type":"WebSite","@id":"https:\/\/old.institutcataladelpeu.com\/en\/#website","url":"https:\/\/old.institutcataladelpeu.com\/en\/","name":"Institut Catal\u00e0 del Peu","description":"Podolog\u00eda Barcelona","publisher":{"@id":"https:\/\/old.institutcataladelpeu.com\/en\/#organization"},"potentialAction":[{"@type":"SearchAction","target":{"@type":"EntryPoint","urlTemplate":"https:\/\/old.institutcataladelpeu.com\/en\/?s={search_term_string}"},"query-input":{"@type":"PropertyValueSpecification","valueRequired":true,"valueName":"search_term_string"}}],"inLanguage":"ca"},{"@type":"Organization","@id":"https:\/\/old.institutcataladelpeu.com\/en\/#organization","name":"Institut Catal\u00e0 del Peu","url":"https:\/\/old.institutcataladelpeu.com\/en\/","logo":{"@type":"ImageObject","inLanguage":"ca","@id":"https:\/\/old.institutcataladelpeu.com\/en\/#\/schema\/logo\/image\/","url":"http:\/\/old.institutcataladelpeu.com\/wp-content\/uploads\/2018\/01\/logo-ICP-nou.png","contentUrl":"http:\/\/old.institutcataladelpeu.com\/wp-content\/uploads\/2018\/01\/logo-ICP-nou.png","width":335,"height":210,"caption":"Institut Catal\u00e0 del Peu"},"image":{"@id":"https:\/\/old.institutcataladelpeu.com\/en\/#\/schema\/logo\/image\/"},"sameAs":["https:\/\/www.facebook.com\/institutcataladelpeu\/","https:\/\/x.com\/ICPeu","https:\/\/www.instagram.com\/institutcataladelpeu\/","https:\/\/www.linkedin.com\/company\/institut-catala-del-peu\/","https:\/\/www.pinterest.com\/institutcataladelpeu\/","https:\/\/www.youtube.com\/channel\/UCBNI2UFUkMTtXV8lebNvvLA"]}]}},"amp_enabled":true,"_links":{"self":[{"href":"https:\/\/old.institutcataladelpeu.com\/ca\/wp-json\/wp\/v2\/pages\/39","targetHints":{"allow":["GET"]}}],"collection":[{"href":"https:\/\/old.institutcataladelpeu.com\/ca\/wp-json\/wp\/v2\/pages"}],"about":[{"href":"https:\/\/old.institutcataladelpeu.com\/ca\/wp-json\/wp\/v2\/types\/page"}],"author":[{"embeddable":true,"href":"https:\/\/old.institutcataladelpeu.com\/ca\/wp-json\/wp\/v2\/users\/1"}],"replies":[{"embeddable":true,"href":"https:\/\/old.institutcataladelpeu.com\/ca\/wp-json\/wp\/v2\/comments?post=39"}],"version-history":[{"count":0,"href":"https:\/\/old.institutcataladelpeu.com\/ca\/wp-json\/wp\/v2\/pages\/39\/revisions"}],"up":[{"embeddable":true,"href":"https:\/\/old.institutcataladelpeu.com\/ca\/wp-json\/wp\/v2\/pages\/30"}],"wp:attachment":[{"href":"https:\/\/old.institutcataladelpeu.com\/ca\/wp-json\/wp\/v2\/media?parent=39"}],"curies":[{"name":"wp","href":"https:\/\/api.w.org\/{rel}","templated":true}]}}