{"id":47,"date":"2016-01-05T09:16:43","date_gmt":"2016-01-05T09:16:43","guid":{"rendered":"http:\/\/old.institutcataladelpeu.com\/ca\/?page_id=47"},"modified":"2017-06-06T13:48:25","modified_gmt":"2017-06-06T13:48:25","slug":"directiva","status":"publish","type":"page","link":"https:\/\/old.institutcataladelpeu.com\/ca\/qui-som\/directiva\/","title":{"rendered":"Directiva"},"content":{"rendered":"<p><span class=\"foto-directiva\">Miguel \u00c1ngel Ba\u00f1os Bernad<\/span><\/p>\n<p style=\"text-align: justify;\">\u00c9s Director de l\u2019Institut Catal\u00e0 del Peu, professor de la Universitat de Barcelona (ensenyaments de Podologia), acad\u00e8mic de l\u2019Acad\u00e8mia Internacional de Ci\u00e8ncies i Tecnologia. Posseeix els t\u00edtols de M\u00e0ster i Postgrau en Cirurgia Podol\u00f2gica (UB), Postgrau en Biomec\u00e0nica (UB) i Llicenciatura en Antropologia. Condecorat amb la Gran Creu al M\u00e8rit Acad\u00e8mic atorgada per la AICT el 2011.<\/p>\n<p style=\"text-align: justify;\">\n","protected":false},"excerpt":{"rendered":"<p>Miguel \u00c1ngel Ba\u00f1os Bernad \u00c9s Director de l\u2019Institut Catal\u00e0 del Peu, professor de la Universitat de Barcelona (ensenyaments de Podologia), acad\u00e8mic de l\u2019Acad\u00e8mia Internacional de Ci\u00e8ncies i Tecnologia. Posseeix els t\u00edtols de M\u00e0ster i Postgrau en Cirurgia Podol\u00f2gica (UB), Postgrau en Biomec\u00e0nica (UB) i Llicenciatura en Antropologia. Condecorat amb la Gran Creu al M\u00e8rit Acad\u00e8mic [&hellip;]<\/p>\n","protected":false},"author":1,"featured_media":0,"parent":30,"menu_order":0,"comment_status":"closed","ping_status":"closed","template":"","meta":{"footnotes":""},"class_list":["post-47","page","type-page","status-publish","hentry"],"yoast_head":"<!-- This site is optimized with the Yoast SEO plugin v27.4 - https:\/\/yoast.com\/product\/yoast-seo-wordpress\/ -->\n<title>Directiva - Institut Catal\u00e0 del Peu<\/title>\n<meta name=\"description\" content=\"Miguel \u00c1ngel Ba\u00f1os Bernad, director de l\u2019Institut Catal\u00e0 del Peu, professor de la Universitat de Barcelona (ensenyaments de Podologia).\" \/>\n<meta name=\"robots\" content=\"noindex, follow, max-snippet:-1, max-image-preview:large, max-video-preview:-1\" \/>\n<meta property=\"og:locale\" content=\"ca_ES\" \/>\n<meta property=\"og:type\" content=\"article\" \/>\n<meta property=\"og:title\" content=\"Directiva - Institut Catal\u00e0 del Peu\" \/>\n<meta property=\"og:description\" content=\"Miguel \u00c1ngel Ba\u00f1os Bernad, director de l\u2019Institut Catal\u00e0 del Peu, professor de la Universitat de Barcelona (ensenyaments de Podologia).\" \/>\n<meta property=\"og:url\" content=\"https:\/\/old.institutcataladelpeu.com\/ca\/qui-som\/directiva\/\" \/>\n<meta property=\"og:site_name\" content=\"Institut Catal\u00e0 del Peu\" \/>\n<meta property=\"article:publisher\" content=\"https:\/\/www.facebook.com\/institutcataladelpeu\/\" \/>\n<meta property=\"article:modified_time\" content=\"2017-06-06T13:48:25+00:00\" \/>\n<meta property=\"og:image\" content=\"https:\/\/old.institutcataladelpeu.com\/wp-content\/uploads\/2016\/01\/podologia-barcelona1-1.jpg\" \/>\n\t<meta property=\"og:image:width\" content=\"1920\" \/>\n\t<meta property=\"og:image:height\" content=\"786\" \/>\n\t<meta property=\"og:image:type\" content=\"image\/jpeg\" \/>\n<meta name=\"twitter:card\" content=\"summary_large_image\" \/>\n<meta name=\"twitter:site\" content=\"@ICPeu\" \/>\n<script type=\"application\/ld+json\" class=\"yoast-schema-graph\">{\"@context\":\"https:\\\/\\\/schema.org\",\"@graph\":[{\"@type\":\"WebPage\",\"@id\":\"https:\\\/\\\/old.institutcataladelpeu.com\\\/ca\\\/qui-som\\\/directiva\\\/\",\"url\":\"https:\\\/\\\/old.institutcataladelpeu.com\\\/ca\\\/qui-som\\\/directiva\\\/\",\"name\":\"Directiva - Institut Catal\u00e0 del Peu\",\"isPartOf\":{\"@id\":\"https:\\\/\\\/old.institutcataladelpeu.com\\\/en\\\/#website\"},\"datePublished\":\"2016-01-05T09:16:43+00:00\",\"dateModified\":\"2017-06-06T13:48:25+00:00\",\"description\":\"Miguel \u00c1ngel Ba\u00f1os Bernad, director de l\u2019Institut Catal\u00e0 del Peu, professor de la Universitat de Barcelona (ensenyaments de Podologia).\",\"breadcrumb\":{\"@id\":\"https:\\\/\\\/old.institutcataladelpeu.com\\\/ca\\\/qui-som\\\/directiva\\\/#breadcrumb\"},\"inLanguage\":\"ca\",\"potentialAction\":[{\"@type\":\"ReadAction\",\"target\":[\"https:\\\/\\\/old.institutcataladelpeu.com\\\/ca\\\/qui-som\\\/directiva\\\/\"]}]},{\"@type\":\"BreadcrumbList\",\"@id\":\"https:\\\/\\\/old.institutcataladelpeu.com\\\/ca\\\/qui-som\\\/directiva\\\/#breadcrumb\",\"itemListElement\":[{\"@type\":\"ListItem\",\"position\":1,\"name\":\"Portada\",\"item\":\"https:\\\/\\\/old.institutcataladelpeu.com\\\/ca\\\/\"},{\"@type\":\"ListItem\",\"position\":2,\"name\":\"Qui som\",\"item\":\"https:\\\/\\\/old.institutcataladelpeu.com\\\/ca\\\/qui-som\\\/\"},{\"@type\":\"ListItem\",\"position\":3,\"name\":\"Directiva\"}]},{\"@type\":\"WebSite\",\"@id\":\"https:\\\/\\\/old.institutcataladelpeu.com\\\/en\\\/#website\",\"url\":\"https:\\\/\\\/old.institutcataladelpeu.com\\\/en\\\/\",\"name\":\"Institut Catal\u00e0 del Peu\",\"description\":\"Podolog\u00eda Barcelona\",\"publisher\":{\"@id\":\"https:\\\/\\\/old.institutcataladelpeu.com\\\/en\\\/#organization\"},\"potentialAction\":[{\"@type\":\"SearchAction\",\"target\":{\"@type\":\"EntryPoint\",\"urlTemplate\":\"https:\\\/\\\/old.institutcataladelpeu.com\\\/en\\\/?s={search_term_string}\"},\"query-input\":{\"@type\":\"PropertyValueSpecification\",\"valueRequired\":true,\"valueName\":\"search_term_string\"}}],\"inLanguage\":\"ca\"},{\"@type\":\"Organization\",\"@id\":\"https:\\\/\\\/old.institutcataladelpeu.com\\\/en\\\/#organization\",\"name\":\"Institut Catal\u00e0 del Peu\",\"url\":\"https:\\\/\\\/old.institutcataladelpeu.com\\\/en\\\/\",\"logo\":{\"@type\":\"ImageObject\",\"inLanguage\":\"ca\",\"@id\":\"https:\\\/\\\/old.institutcataladelpeu.com\\\/en\\\/#\\\/schema\\\/logo\\\/image\\\/\",\"url\":\"http:\\\/\\\/old.institutcataladelpeu.com\\\/wp-content\\\/uploads\\\/2018\\\/01\\\/logo-ICP-nou.png\",\"contentUrl\":\"http:\\\/\\\/old.institutcataladelpeu.com\\\/wp-content\\\/uploads\\\/2018\\\/01\\\/logo-ICP-nou.png\",\"width\":335,\"height\":210,\"caption\":\"Institut Catal\u00e0 del Peu\"},\"image\":{\"@id\":\"https:\\\/\\\/old.institutcataladelpeu.com\\\/en\\\/#\\\/schema\\\/logo\\\/image\\\/\"},\"sameAs\":[\"https:\\\/\\\/www.facebook.com\\\/institutcataladelpeu\\\/\",\"https:\\\/\\\/x.com\\\/ICPeu\",\"https:\\\/\\\/www.instagram.com\\\/institutcataladelpeu\\\/\",\"https:\\\/\\\/www.linkedin.com\\\/company\\\/institut-catala-del-peu\\\/\",\"https:\\\/\\\/www.pinterest.com\\\/institutcataladelpeu\\\/\",\"https:\\\/\\\/www.youtube.com\\\/channel\\\/UCBNI2UFUkMTtXV8lebNvvLA\"]}]}<\/script>\n<!-- \/ Yoast SEO plugin. -->","yoast_head_json":{"title":"Directiva - Institut Catal\u00e0 del Peu","description":"Miguel \u00c1ngel Ba\u00f1os Bernad, director de l\u2019Institut Catal\u00e0 del Peu, professor de la Universitat de Barcelona (ensenyaments de Podologia).","robots":{"index":"noindex","follow":"follow","max-snippet":"max-snippet:-1","max-image-preview":"max-image-preview:large","max-video-preview":"max-video-preview:-1"},"og_locale":"ca_ES","og_type":"article","og_title":"Directiva - Institut Catal\u00e0 del Peu","og_description":"Miguel \u00c1ngel Ba\u00f1os Bernad, director de l\u2019Institut Catal\u00e0 del Peu, professor de la Universitat de Barcelona (ensenyaments de Podologia).","og_url":"https:\/\/old.institutcataladelpeu.com\/ca\/qui-som\/directiva\/","og_site_name":"Institut Catal\u00e0 del Peu","article_publisher":"https:\/\/www.facebook.com\/institutcataladelpeu\/","article_modified_time":"2017-06-06T13:48:25+00:00","og_image":[{"width":1920,"height":786,"url":"https:\/\/old.institutcataladelpeu.com\/wp-content\/uploads\/2016\/01\/podologia-barcelona1-1.jpg","type":"image\/jpeg"}],"twitter_card":"summary_large_image","twitter_site":"@ICPeu","schema":{"@context":"https:\/\/schema.org","@graph":[{"@type":"WebPage","@id":"https:\/\/old.institutcataladelpeu.com\/ca\/qui-som\/directiva\/","url":"https:\/\/old.institutcataladelpeu.com\/ca\/qui-som\/directiva\/","name":"Directiva - Institut Catal\u00e0 del Peu","isPartOf":{"@id":"https:\/\/old.institutcataladelpeu.com\/en\/#website"},"datePublished":"2016-01-05T09:16:43+00:00","dateModified":"2017-06-06T13:48:25+00:00","description":"Miguel \u00c1ngel Ba\u00f1os Bernad, director de l\u2019Institut Catal\u00e0 del Peu, professor de la Universitat de Barcelona (ensenyaments de Podologia).","breadcrumb":{"@id":"https:\/\/old.institutcataladelpeu.com\/ca\/qui-som\/directiva\/#breadcrumb"},"inLanguage":"ca","potentialAction":[{"@type":"ReadAction","target":["https:\/\/old.institutcataladelpeu.com\/ca\/qui-som\/directiva\/"]}]},{"@type":"BreadcrumbList","@id":"https:\/\/old.institutcataladelpeu.com\/ca\/qui-som\/directiva\/#breadcrumb","itemListElement":[{"@type":"ListItem","position":1,"name":"Portada","item":"https:\/\/old.institutcataladelpeu.com\/ca\/"},{"@type":"ListItem","position":2,"name":"Qui som","item":"https:\/\/old.institutcataladelpeu.com\/ca\/qui-som\/"},{"@type":"ListItem","position":3,"name":"Directiva"}]},{"@type":"WebSite","@id":"https:\/\/old.institutcataladelpeu.com\/en\/#website","url":"https:\/\/old.institutcataladelpeu.com\/en\/","name":"Institut Catal\u00e0 del Peu","description":"Podolog\u00eda Barcelona","publisher":{"@id":"https:\/\/old.institutcataladelpeu.com\/en\/#organization"},"potentialAction":[{"@type":"SearchAction","target":{"@type":"EntryPoint","urlTemplate":"https:\/\/old.institutcataladelpeu.com\/en\/?s={search_term_string}"},"query-input":{"@type":"PropertyValueSpecification","valueRequired":true,"valueName":"search_term_string"}}],"inLanguage":"ca"},{"@type":"Organization","@id":"https:\/\/old.institutcataladelpeu.com\/en\/#organization","name":"Institut Catal\u00e0 del Peu","url":"https:\/\/old.institutcataladelpeu.com\/en\/","logo":{"@type":"ImageObject","inLanguage":"ca","@id":"https:\/\/old.institutcataladelpeu.com\/en\/#\/schema\/logo\/image\/","url":"http:\/\/old.institutcataladelpeu.com\/wp-content\/uploads\/2018\/01\/logo-ICP-nou.png","contentUrl":"http:\/\/old.institutcataladelpeu.com\/wp-content\/uploads\/2018\/01\/logo-ICP-nou.png","width":335,"height":210,"caption":"Institut Catal\u00e0 del Peu"},"image":{"@id":"https:\/\/old.institutcataladelpeu.com\/en\/#\/schema\/logo\/image\/"},"sameAs":["https:\/\/www.facebook.com\/institutcataladelpeu\/","https:\/\/x.com\/ICPeu","https:\/\/www.instagram.com\/institutcataladelpeu\/","https:\/\/www.linkedin.com\/company\/institut-catala-del-peu\/","https:\/\/www.pinterest.com\/institutcataladelpeu\/","https:\/\/www.youtube.com\/channel\/UCBNI2UFUkMTtXV8lebNvvLA"]}]}},"amp_enabled":true,"_links":{"self":[{"href":"https:\/\/old.institutcataladelpeu.com\/ca\/wp-json\/wp\/v2\/pages\/47","targetHints":{"allow":["GET"]}}],"collection":[{"href":"https:\/\/old.institutcataladelpeu.com\/ca\/wp-json\/wp\/v2\/pages"}],"about":[{"href":"https:\/\/old.institutcataladelpeu.com\/ca\/wp-json\/wp\/v2\/types\/page"}],"author":[{"embeddable":true,"href":"https:\/\/old.institutcataladelpeu.com\/ca\/wp-json\/wp\/v2\/users\/1"}],"replies":[{"embeddable":true,"href":"https:\/\/old.institutcataladelpeu.com\/ca\/wp-json\/wp\/v2\/comments?post=47"}],"version-history":[{"count":0,"href":"https:\/\/old.institutcataladelpeu.com\/ca\/wp-json\/wp\/v2\/pages\/47\/revisions"}],"up":[{"embeddable":true,"href":"https:\/\/old.institutcataladelpeu.com\/ca\/wp-json\/wp\/v2\/pages\/30"}],"wp:attachment":[{"href":"https:\/\/old.institutcataladelpeu.com\/ca\/wp-json\/wp\/v2\/media?parent=47"}],"curies":[{"name":"wp","href":"https:\/\/api.w.org\/{rel}","templated":true}]}}