{"id":6103,"date":"2016-09-29T15:24:14","date_gmt":"2016-09-29T15:24:14","guid":{"rendered":"http:\/\/old.institutcataladelpeu.com\/ca\/?page_id=6103"},"modified":"2017-03-01T16:58:37","modified_gmt":"2017-03-01T16:58:37","slug":"politica-de-privacitat","status":"publish","type":"page","link":"https:\/\/old.institutcataladelpeu.com\/ca\/politica-de-privacitat\/","title":{"rendered":"Pol\u00edtica de privacitat"},"content":{"rendered":"<section  class='av_textblock_section av-av_textblock-35972167d9f102c5ddaec0c531c98b9e'  itemscope=\"itemscope\" itemtype=\"https:\/\/schema.org\/CreativeWork\" ><div class='avia_textblock'  itemprop=\"text\" ><header class=\"entry-header\">\n<h1 class=\"entry-header\" style=\"margin-top: 20px;\">Pol\u00edtica de privacitat<\/h1>\n<\/header>\n<div class=\"entry-content\">\n<h2>L&#8217;<b>ICP<\/b> respecta la seva privacitat.<\/h2>\n<p>Qualsevol informaci\u00f3 que ens proporcioni mitjan\u00e7ant el formulari de contacte o per qualsevol altre mitj\u00e0 i que inclogui el seu nom, adre\u00e7a, n\u00famero de tel\u00e8fon i adre\u00e7a de correu electr\u00f2nic no ser\u00e0 cedit, venut o llogat a cap persona f\u00edsica o jur\u00eddica aliena a l&#8217;<b>ICP<\/b>.<\/p>\n<h3>Detalls sobre pagaments amb targeta de cr\u00e8dit<\/h3>\n<p>L&#8217;<b>ICP<\/b> _mai_\u00a0 demanar\u00e0 dades de targetes de cr\u00e8dit o d\u00e8bit, i\u00a0 preguem que no les envii amb els formularis d&#8217;aquesta p\u00e0gina web<\/p>\n<h3>Llocs externs<\/h3>\n<p>L&#8217;<b>ICP<\/b> no \u00e9s fa responsable del contingut dels llocs externs d&#8217;Internet. Li aconsellem que llegeixi la pol\u00edtica de privacitat dels llocs externs abans d&#8217;enviar qualsevol informaci\u00f3 personal.<\/p>\n<h3>Cookies<\/h3>\n<p>Una \u201ccookie\u201d \u00e9s un petit arxiu de text que es coloca al seu navegador i que permet l&#8217;<b>ICP<\/b> reconeixe&#8217;l cada vegada que visiti aquest lloc (per les prefer\u00e8ncies personals, etc.). Les _cookies_ en si mateixes no contenen cap informaci\u00f3 personal, i <b>l&#8217;ICP<\/b> no fa servir les _cookies_ per recopilar informaci\u00f3 personal. Les _cookies_ podrien fer-se servir per tercers prove\u00efdors de contingut, com agregadors de canals de not\u00edcias (\u201cnewsfeeds\u201d).<\/p>\n<p>L&#8217;<b>ICP<\/b> fa servir _Google Analytics_ (com pr\u00e0cticament qualsevol), que es un servei proporcionat per Google. Aquests recopilen dades an\u00f2nims de com fan servir els visitants aquest lloc per a posteriorment proporcionar estad\u00edstiques de visites, detalls de consultes de p\u00e0gines, etc. Pot evitar ser rastrejat per Google Analytics <a href=\"http:\/\/tools.google.com\/dlpage\/gaoptout\" target=\"_blank\" rel=\"nofollow noopener\">aqu\u00ed<\/a>.<\/p>\n<h3>Recordi els riscos sempre que navegui per Internet<\/h3>\n<p>Encara que procurem protegir la seva informaci\u00f3 personal, no podem garantir la seguretat de qualsevol informaci\u00f3 que transmeti a l&#8217;ICP, i \u00e9s vost\u00e8 l&#8217;\u00fanic responsable de mantenir el secret de les contrasenyes o altra informaci\u00f3 del compte. A m\u00e9s, altres llocs o serveis d&#8217;Internet que podrien ser accessibles a trav\u00e9s de l&#8217;ICP tenen dades i pr\u00e0ctiques de privacitat independents de nosaltres i, per tant, no som responsables ni imputables per les seves pol\u00edtiques o accions. Li preguem que contacti a aquests venedors o altres directament si t\u00e9 dubtes sobre les seves pol\u00edtiques de privacitat. Per a qualsevol altra informaci\u00f3 pot emprar el nostre &#8220;formulari de contacte&#8221; per contactar amb l&#8217;ICP.<\/p>\n<\/div>\n<\/div><\/section>\n","protected":false},"excerpt":{"rendered":"","protected":false},"author":1,"featured_media":0,"parent":0,"menu_order":0,"comment_status":"closed","ping_status":"closed","template":"","meta":{"footnotes":""},"class_list":["post-6103","page","type-page","status-publish","hentry"],"yoast_head":"<!-- This site is optimized with the Yoast SEO plugin v27.4 - https:\/\/yoast.com\/product\/yoast-seo-wordpress\/ -->\n<title>Pol\u00edtica de privacitat - Institut Catal\u00e0 del Peu<\/title>\n<meta name=\"description\" content=\"Informaci\u00f3 que ens proporcioni mitjan\u00e7ant el formulari de contacte o en un altre mitj\u00e0, no ser\u00e0 utilitzat a cap persona f\u00edsica o jur\u00eddica aliena a l\u2019ICP.\" \/>\n<meta name=\"robots\" content=\"noindex, follow, max-snippet:-1, max-image-preview:large, max-video-preview:-1\" \/>\n<meta property=\"og:locale\" content=\"ca_ES\" \/>\n<meta property=\"og:type\" content=\"article\" \/>\n<meta property=\"og:title\" content=\"Pol\u00edtica de privacitat - Institut Catal\u00e0 del Peu\" \/>\n<meta property=\"og:description\" content=\"Informaci\u00f3 que ens proporcioni mitjan\u00e7ant el formulari de contacte o en un altre mitj\u00e0, no ser\u00e0 utilitzat a cap persona f\u00edsica o jur\u00eddica aliena a l\u2019ICP.\" \/>\n<meta property=\"og:url\" content=\"https:\/\/old.institutcataladelpeu.com\/ca\/politica-de-privacitat\/\" \/>\n<meta property=\"og:site_name\" content=\"Institut Catal\u00e0 del Peu\" \/>\n<meta property=\"article:publisher\" content=\"https:\/\/www.facebook.com\/institutcataladelpeu\/\" \/>\n<meta property=\"article:modified_time\" content=\"2017-03-01T16:58:37+00:00\" \/>\n<meta property=\"og:image\" content=\"https:\/\/old.institutcataladelpeu.com\/wp-content\/uploads\/2016\/01\/podologia-barcelona1-1.jpg\" \/>\n\t<meta property=\"og:image:width\" content=\"1920\" \/>\n\t<meta property=\"og:image:height\" content=\"786\" \/>\n\t<meta property=\"og:image:type\" content=\"image\/jpeg\" \/>\n<meta name=\"twitter:card\" content=\"summary_large_image\" \/>\n<meta name=\"twitter:site\" content=\"@ICPeu\" \/>\n<meta name=\"twitter:label1\" content=\"Temps estimat de lectura\" \/>\n\t<meta name=\"twitter:data1\" content=\"2 minuts\" \/>\n<script type=\"application\/ld+json\" class=\"yoast-schema-graph\">{\"@context\":\"https:\\\/\\\/schema.org\",\"@graph\":[{\"@type\":\"WebPage\",\"@id\":\"https:\\\/\\\/old.institutcataladelpeu.com\\\/ca\\\/politica-de-privacitat\\\/\",\"url\":\"https:\\\/\\\/old.institutcataladelpeu.com\\\/ca\\\/politica-de-privacitat\\\/\",\"name\":\"Pol\u00edtica de privacitat - Institut Catal\u00e0 del Peu\",\"isPartOf\":{\"@id\":\"https:\\\/\\\/old.institutcataladelpeu.com\\\/en\\\/#website\"},\"datePublished\":\"2016-09-29T15:24:14+00:00\",\"dateModified\":\"2017-03-01T16:58:37+00:00\",\"description\":\"Informaci\u00f3 que ens proporcioni mitjan\u00e7ant el formulari de contacte o en un altre mitj\u00e0, no ser\u00e0 utilitzat a cap persona f\u00edsica o jur\u00eddica aliena a l\u2019ICP.\",\"breadcrumb\":{\"@id\":\"https:\\\/\\\/old.institutcataladelpeu.com\\\/ca\\\/politica-de-privacitat\\\/#breadcrumb\"},\"inLanguage\":\"ca\",\"potentialAction\":[{\"@type\":\"ReadAction\",\"target\":[\"https:\\\/\\\/old.institutcataladelpeu.com\\\/ca\\\/politica-de-privacitat\\\/\"]}]},{\"@type\":\"BreadcrumbList\",\"@id\":\"https:\\\/\\\/old.institutcataladelpeu.com\\\/ca\\\/politica-de-privacitat\\\/#breadcrumb\",\"itemListElement\":[{\"@type\":\"ListItem\",\"position\":1,\"name\":\"Portada\",\"item\":\"https:\\\/\\\/old.institutcataladelpeu.com\\\/ca\\\/\"},{\"@type\":\"ListItem\",\"position\":2,\"name\":\"Pol\u00edtica de privacitat\"}]},{\"@type\":\"WebSite\",\"@id\":\"https:\\\/\\\/old.institutcataladelpeu.com\\\/en\\\/#website\",\"url\":\"https:\\\/\\\/old.institutcataladelpeu.com\\\/en\\\/\",\"name\":\"Institut Catal\u00e0 del Peu\",\"description\":\"Podolog\u00eda Barcelona\",\"publisher\":{\"@id\":\"https:\\\/\\\/old.institutcataladelpeu.com\\\/en\\\/#organization\"},\"potentialAction\":[{\"@type\":\"SearchAction\",\"target\":{\"@type\":\"EntryPoint\",\"urlTemplate\":\"https:\\\/\\\/old.institutcataladelpeu.com\\\/en\\\/?s={search_term_string}\"},\"query-input\":{\"@type\":\"PropertyValueSpecification\",\"valueRequired\":true,\"valueName\":\"search_term_string\"}}],\"inLanguage\":\"ca\"},{\"@type\":\"Organization\",\"@id\":\"https:\\\/\\\/old.institutcataladelpeu.com\\\/en\\\/#organization\",\"name\":\"Institut Catal\u00e0 del Peu\",\"url\":\"https:\\\/\\\/old.institutcataladelpeu.com\\\/en\\\/\",\"logo\":{\"@type\":\"ImageObject\",\"inLanguage\":\"ca\",\"@id\":\"https:\\\/\\\/old.institutcataladelpeu.com\\\/en\\\/#\\\/schema\\\/logo\\\/image\\\/\",\"url\":\"http:\\\/\\\/old.institutcataladelpeu.com\\\/wp-content\\\/uploads\\\/2018\\\/01\\\/logo-ICP-nou.png\",\"contentUrl\":\"http:\\\/\\\/old.institutcataladelpeu.com\\\/wp-content\\\/uploads\\\/2018\\\/01\\\/logo-ICP-nou.png\",\"width\":335,\"height\":210,\"caption\":\"Institut Catal\u00e0 del Peu\"},\"image\":{\"@id\":\"https:\\\/\\\/old.institutcataladelpeu.com\\\/en\\\/#\\\/schema\\\/logo\\\/image\\\/\"},\"sameAs\":[\"https:\\\/\\\/www.facebook.com\\\/institutcataladelpeu\\\/\",\"https:\\\/\\\/x.com\\\/ICPeu\",\"https:\\\/\\\/www.instagram.com\\\/institutcataladelpeu\\\/\",\"https:\\\/\\\/www.linkedin.com\\\/company\\\/institut-catala-del-peu\\\/\",\"https:\\\/\\\/www.pinterest.com\\\/institutcataladelpeu\\\/\",\"https:\\\/\\\/www.youtube.com\\\/channel\\\/UCBNI2UFUkMTtXV8lebNvvLA\"]}]}<\/script>\n<!-- \/ Yoast SEO plugin. -->","yoast_head_json":{"title":"Pol\u00edtica de privacitat - Institut Catal\u00e0 del Peu","description":"Informaci\u00f3 que ens proporcioni mitjan\u00e7ant el formulari de contacte o en un altre mitj\u00e0, no ser\u00e0 utilitzat a cap persona f\u00edsica o jur\u00eddica aliena a l\u2019ICP.","robots":{"index":"noindex","follow":"follow","max-snippet":"max-snippet:-1","max-image-preview":"max-image-preview:large","max-video-preview":"max-video-preview:-1"},"og_locale":"ca_ES","og_type":"article","og_title":"Pol\u00edtica de privacitat - Institut Catal\u00e0 del Peu","og_description":"Informaci\u00f3 que ens proporcioni mitjan\u00e7ant el formulari de contacte o en un altre mitj\u00e0, no ser\u00e0 utilitzat a cap persona f\u00edsica o jur\u00eddica aliena a l\u2019ICP.","og_url":"https:\/\/old.institutcataladelpeu.com\/ca\/politica-de-privacitat\/","og_site_name":"Institut Catal\u00e0 del Peu","article_publisher":"https:\/\/www.facebook.com\/institutcataladelpeu\/","article_modified_time":"2017-03-01T16:58:37+00:00","og_image":[{"width":1920,"height":786,"url":"https:\/\/old.institutcataladelpeu.com\/wp-content\/uploads\/2016\/01\/podologia-barcelona1-1.jpg","type":"image\/jpeg"}],"twitter_card":"summary_large_image","twitter_site":"@ICPeu","twitter_misc":{"Temps estimat de lectura":"2 minuts"},"schema":{"@context":"https:\/\/schema.org","@graph":[{"@type":"WebPage","@id":"https:\/\/old.institutcataladelpeu.com\/ca\/politica-de-privacitat\/","url":"https:\/\/old.institutcataladelpeu.com\/ca\/politica-de-privacitat\/","name":"Pol\u00edtica de privacitat - Institut Catal\u00e0 del Peu","isPartOf":{"@id":"https:\/\/old.institutcataladelpeu.com\/en\/#website"},"datePublished":"2016-09-29T15:24:14+00:00","dateModified":"2017-03-01T16:58:37+00:00","description":"Informaci\u00f3 que ens proporcioni mitjan\u00e7ant el formulari de contacte o en un altre mitj\u00e0, no ser\u00e0 utilitzat a cap persona f\u00edsica o jur\u00eddica aliena a l\u2019ICP.","breadcrumb":{"@id":"https:\/\/old.institutcataladelpeu.com\/ca\/politica-de-privacitat\/#breadcrumb"},"inLanguage":"ca","potentialAction":[{"@type":"ReadAction","target":["https:\/\/old.institutcataladelpeu.com\/ca\/politica-de-privacitat\/"]}]},{"@type":"BreadcrumbList","@id":"https:\/\/old.institutcataladelpeu.com\/ca\/politica-de-privacitat\/#breadcrumb","itemListElement":[{"@type":"ListItem","position":1,"name":"Portada","item":"https:\/\/old.institutcataladelpeu.com\/ca\/"},{"@type":"ListItem","position":2,"name":"Pol\u00edtica de privacitat"}]},{"@type":"WebSite","@id":"https:\/\/old.institutcataladelpeu.com\/en\/#website","url":"https:\/\/old.institutcataladelpeu.com\/en\/","name":"Institut Catal\u00e0 del Peu","description":"Podolog\u00eda Barcelona","publisher":{"@id":"https:\/\/old.institutcataladelpeu.com\/en\/#organization"},"potentialAction":[{"@type":"SearchAction","target":{"@type":"EntryPoint","urlTemplate":"https:\/\/old.institutcataladelpeu.com\/en\/?s={search_term_string}"},"query-input":{"@type":"PropertyValueSpecification","valueRequired":true,"valueName":"search_term_string"}}],"inLanguage":"ca"},{"@type":"Organization","@id":"https:\/\/old.institutcataladelpeu.com\/en\/#organization","name":"Institut Catal\u00e0 del Peu","url":"https:\/\/old.institutcataladelpeu.com\/en\/","logo":{"@type":"ImageObject","inLanguage":"ca","@id":"https:\/\/old.institutcataladelpeu.com\/en\/#\/schema\/logo\/image\/","url":"http:\/\/old.institutcataladelpeu.com\/wp-content\/uploads\/2018\/01\/logo-ICP-nou.png","contentUrl":"http:\/\/old.institutcataladelpeu.com\/wp-content\/uploads\/2018\/01\/logo-ICP-nou.png","width":335,"height":210,"caption":"Institut Catal\u00e0 del Peu"},"image":{"@id":"https:\/\/old.institutcataladelpeu.com\/en\/#\/schema\/logo\/image\/"},"sameAs":["https:\/\/www.facebook.com\/institutcataladelpeu\/","https:\/\/x.com\/ICPeu","https:\/\/www.instagram.com\/institutcataladelpeu\/","https:\/\/www.linkedin.com\/company\/institut-catala-del-peu\/","https:\/\/www.pinterest.com\/institutcataladelpeu\/","https:\/\/www.youtube.com\/channel\/UCBNI2UFUkMTtXV8lebNvvLA"]}]}},"amp_enabled":true,"_links":{"self":[{"href":"https:\/\/old.institutcataladelpeu.com\/ca\/wp-json\/wp\/v2\/pages\/6103","targetHints":{"allow":["GET"]}}],"collection":[{"href":"https:\/\/old.institutcataladelpeu.com\/ca\/wp-json\/wp\/v2\/pages"}],"about":[{"href":"https:\/\/old.institutcataladelpeu.com\/ca\/wp-json\/wp\/v2\/types\/page"}],"author":[{"embeddable":true,"href":"https:\/\/old.institutcataladelpeu.com\/ca\/wp-json\/wp\/v2\/users\/1"}],"replies":[{"embeddable":true,"href":"https:\/\/old.institutcataladelpeu.com\/ca\/wp-json\/wp\/v2\/comments?post=6103"}],"version-history":[{"count":0,"href":"https:\/\/old.institutcataladelpeu.com\/ca\/wp-json\/wp\/v2\/pages\/6103\/revisions"}],"wp:attachment":[{"href":"https:\/\/old.institutcataladelpeu.com\/ca\/wp-json\/wp\/v2\/media?parent=6103"}],"curies":[{"name":"wp","href":"https:\/\/api.w.org\/{rel}","templated":true}]}}