{"id":45,"date":"2016-01-05T09:16:16","date_gmt":"2016-01-05T09:16:16","guid":{"rendered":"http:\/\/old.institutcataladelpeu.com\/ru\/?page_id=45"},"modified":"2017-06-06T13:54:58","modified_gmt":"2017-06-06T13:54:58","slug":"%d0%b4%d0%b8%d1%80%d0%b5%d0%ba%d1%82%d0%b8%d0%b2%d0%b0","status":"publish","type":"page","link":"https:\/\/old.institutcataladelpeu.com\/ru\/%d0%be-%d0%bd%d0%b0%d1%81\/%d0%b4%d0%b8%d1%80%d0%b5%d0%ba%d1%82%d0%b8%d0%b2%d0%b0\/","title":{"rendered":"\u0414\u0438\u0440\u0435\u043a\u0442\u0438\u0432\u0430"},"content":{"rendered":"<p><span class=\"foto-directiva\">Miguel \u00c1ngel Ba\u00f1os Bernad<\/span><\/p>\n<p>\u042d\u0444\u0444\u0435\u043a\u0442\u0438\u0432\u043d\u043e\u0441\u0442\u044c \u0438 \u043e\u043f\u044b\u0442\u043d\u044b\u0439 \u043f\u0440\u043e\u0444\u0435\u0441\u0441\u0438\u043e\u043d\u0430\u043b\u044c\u043d\u044b\u0439 \u043a\u043e\u043b\u043b\u0435\u043a\u0442\u0438\u0432 \u043d\u0430\u0445\u043e\u0434\u0438\u0442 \u0441\u0432\u043e\u0435 \u043e\u0442\u0440\u0430\u0436\u0435\u043d\u0438\u0435 \u0432 \u043f\u0440\u0430\u0432\u0438\u043b\u044c\u043d\u043e\u0439 \u0438\u043d\u0442\u0435\u0440\u043f\u0440\u0435\u0442\u0430\u0446\u0438\u0438 \u0440\u0435\u0437\u0443\u043b\u044c\u0442\u0430\u0442\u043e\u0432 \u0438 \u0434\u0438\u0430\u0433\u043d\u043e\u0437\u043e\u0432, \u043e\u0441\u043d\u043e\u0432\u0430\u043d\u043d\u044b\u0445 \u043d\u0430 \u0437\u043d\u0430\u043d\u0438\u044f\u0445.<\/p>\n<p>\u0412\u0437\u0430\u0438\u043c\u043e\u0441\u0432\u044f\u0437\u044c \u0440\u0430\u0437\u043b\u0438\u0447\u043d\u044b\u0445 \u0441\u043f\u0435\u0446\u0438\u0430\u043b\u0438\u0441\u0442\u043e\u0432 \u043f\u043e\u043c\u043e\u0433\u0430\u044e\u0442 \u0443\u0437\u043d\u0430\u0442\u044c \u0432\u0435\u0441\u044c \u00ab\u043a\u043e\u043c\u043f\u043b\u0435\u043a\u0441\u00bb \u0437\u0430\u0431\u043e\u043b\u0435\u0432\u0430\u043d\u0438\u044f \u043f\u0430\u0446\u0438\u0435\u043d\u0442\u0430, \u0442\u0430\u043a \u0441\u043a\u0430\u0437\u0430\u0442\u044c \u043f\u043e\u043b\u043d\u044b\u0439 \u0430\u043d\u0430\u043b\u0438\u0437 \u0441 \u0440\u0430\u0437\u043d\u044b\u0445 \u0442\u043e\u0447\u0435\u043a \u0437\u0440\u0435\u043d\u0438\u044f, \u043f\u0440\u0435\u0434\u043f\u043e\u043b\u0430\u0433\u0430\u044e\u0449\u0438\u0439 \u043f\u0435\u0440\u0441\u043e\u043d\u0430\u043b\u0438\u0437\u0438\u0440\u043e\u0432\u0430\u043d\u043d\u044b\u0439 \u0443\u0445\u043e\u0434 \u0438 \u043b\u0435\u0447\u0435\u043d\u0438\u0435.<\/p>\n<p>\u041a\u0440\u043e\u043c\u0435 \u0442\u043e\u0433\u043e \u043c\u044b \u0441\u043e\u0442\u0440\u0443\u0434\u043d\u0438\u0447\u0430\u0435\u043c \u0441 \u0444\u0438\u0437\u0438\u043e\u0442\u0435\u0440\u0430\u043f\u0435\u0432\u0442\u0430\u043c\u0438 \u0438 \u0441\u043f\u0435\u0446\u0438\u0430\u043b\u0438\u0441\u0442\u0430\u043c\u0438 \u043f\u043e \u0440\u0435\u0430\u0431\u0438\u043b\u0438\u0442\u0430\u0446\u0438\u0438, \u043a \u043a\u043e\u0442\u043e\u0440\u044b\u043c \u043c\u044b \u0432\u0441\u0435\u0433\u0434\u0430 \u043c\u043e\u0436\u0435\u043c \u043e\u0431\u0440\u0430\u0442\u0438\u0442\u044c\u0441\u044f \u0434\u043b\u044f \u0440\u0430\u0441\u0448\u0438\u0440\u0435\u043d\u0438\u044f \u0432\u043e\u0437\u043c\u043e\u0436\u043d\u043e\u0441\u0442\u0435\u0439 \u043b\u0435\u0447\u0435\u043d\u0438\u044f, \u0435\u0441\u043b\u0438 \u043f\u0430\u0442\u043e\u043b\u043e\u0433\u0438\u044f \u0442\u0440\u0435\u0431\u0443\u0435\u0442 \u0438\u0445 \u043f\u0440\u043e\u0444\u0435\u0441\u0441\u0438\u043e\u043d\u0430\u043b\u044c\u043d\u043e\u0433\u043e \u043c\u043d\u0435\u043d\u0438\u044f.<\/p>\n","protected":false},"excerpt":{"rendered":"<p>Miguel \u00c1ngel Ba\u00f1os Bernad \u042d\u0444\u0444\u0435\u043a\u0442\u0438\u0432\u043d\u043e\u0441\u0442\u044c \u0438 \u043e\u043f\u044b\u0442\u043d\u044b\u0439 \u043f\u0440\u043e\u0444\u0435\u0441\u0441\u0438\u043e\u043d\u0430\u043b\u044c\u043d\u044b\u0439 \u043a\u043e\u043b\u043b\u0435\u043a\u0442\u0438\u0432 \u043d\u0430\u0445\u043e\u0434\u0438\u0442 \u0441\u0432\u043e\u0435 \u043e\u0442\u0440\u0430\u0436\u0435\u043d\u0438\u0435 \u0432 \u043f\u0440\u0430\u0432\u0438\u043b\u044c\u043d\u043e\u0439 \u0438\u043d\u0442\u0435\u0440\u043f\u0440\u0435\u0442\u0430\u0446\u0438\u0438 \u0440\u0435\u0437\u0443\u043b\u044c\u0442\u0430\u0442\u043e\u0432 \u0438 \u0434\u0438\u0430\u0433\u043d\u043e\u0437\u043e\u0432, \u043e\u0441\u043d\u043e\u0432\u0430\u043d\u043d\u044b\u0445 \u043d\u0430 \u0437\u043d\u0430\u043d\u0438\u044f\u0445. \u0412\u0437\u0430\u0438\u043c\u043e\u0441\u0432\u044f\u0437\u044c \u0440\u0430\u0437\u043b\u0438\u0447\u043d\u044b\u0445 \u0441\u043f\u0435\u0446\u0438\u0430\u043b\u0438\u0441\u0442\u043e\u0432 \u043f\u043e\u043c\u043e\u0433\u0430\u044e\u0442 \u0443\u0437\u043d\u0430\u0442\u044c \u0432\u0435\u0441\u044c \u00ab\u043a\u043e\u043c\u043f\u043b\u0435\u043a\u0441\u00bb \u0437\u0430\u0431\u043e\u043b\u0435\u0432\u0430\u043d\u0438\u044f \u043f\u0430\u0446\u0438\u0435\u043d\u0442\u0430, \u0442\u0430\u043a \u0441\u043a\u0430\u0437\u0430\u0442\u044c \u043f\u043e\u043b\u043d\u044b\u0439 \u0430\u043d\u0430\u043b\u0438\u0437 \u0441 \u0440\u0430\u0437\u043d\u044b\u0445 \u0442\u043e\u0447\u0435\u043a \u0437\u0440\u0435\u043d\u0438\u044f, \u043f\u0440\u0435\u0434\u043f\u043e\u043b\u0430\u0433\u0430\u044e\u0449\u0438\u0439 \u043f\u0435\u0440\u0441\u043e\u043d\u0430\u043b\u0438\u0437\u0438\u0440\u043e\u0432\u0430\u043d\u043d\u044b\u0439 \u0443\u0445\u043e\u0434 \u0438 \u043b\u0435\u0447\u0435\u043d\u0438\u0435. \u041a\u0440\u043e\u043c\u0435 \u0442\u043e\u0433\u043e \u043c\u044b \u0441\u043e\u0442\u0440\u0443\u0434\u043d\u0438\u0447\u0430\u0435\u043c \u0441 \u0444\u0438\u0437\u0438\u043e\u0442\u0435\u0440\u0430\u043f\u0435\u0432\u0442\u0430\u043c\u0438 \u0438 \u0441\u043f\u0435\u0446\u0438\u0430\u043b\u0438\u0441\u0442\u0430\u043c\u0438 \u043f\u043e \u0440\u0435\u0430\u0431\u0438\u043b\u0438\u0442\u0430\u0446\u0438\u0438, \u043a \u043a\u043e\u0442\u043e\u0440\u044b\u043c [&hellip;]<\/p>\n","protected":false},"author":1,"featured_media":0,"parent":28,"menu_order":0,"comment_status":"closed","ping_status":"closed","template":"","meta":{"footnotes":""},"class_list":["post-45","page","type-page","status-publish","hentry"],"yoast_head":"<!-- This site is optimized with the Yoast SEO plugin v27.4 - https:\/\/yoast.com\/product\/yoast-seo-wordpress\/ -->\n<title>\u0414\u0438\u0440\u0435\u043a\u0442\u0438\u0432\u0430 - Institut Catal\u00e0 del Peu<\/title>\n<meta name=\"description\" content=\"Miguel \u00c1ngel Ba\u00f1os Bernad. \u042d\u0444\u0444\u0435\u043a\u0442\u0438\u0432\u043d\u043e\u0441\u0442\u044c \u0438 \u043e\u043f\u044b\u0442\u043d\u044b\u0439 \u043f\u0440\u043e\u0444\u0435\u0441\u0441\u0438\u043e\u043d\u0430\u043b\u044c\u043d\u044b\u0439 \u043a\u043e\u043b\u043b\u0435\u043a\u0442\u0438\u0432 \u043d\u0430\u0445\u043e\u0434\u0438\u0442 \u0441\u0432\u043e\u0435 \u043e\u0442\u0440\u0430\u0436\u0435\u043d\u0438\u0435 \u0432 \u043f\u0440\u0430\u0432\u0438\u043b\u044c\u043d\u043e\u0439 \u0438\u043d\u0442\u0435\u0440\u043f\u0440\u0435\u0442\u0430\u0446\u0438\u0438 \u0440\u0435\u0437\u0443\u043b\u044c\u0442\u0430\u0442\u043e\u0432 \u0438 \u0434\u0438\u0430\u0433\u043d\u043e\u0437\u043e\u0432.\" \/>\n<meta name=\"robots\" content=\"noindex, follow, max-snippet:-1, max-image-preview:large, max-video-preview:-1\" \/>\n<meta property=\"og:locale\" content=\"ru_RU\" \/>\n<meta property=\"og:type\" content=\"article\" \/>\n<meta property=\"og:title\" content=\"\u0414\u0438\u0440\u0435\u043a\u0442\u0438\u0432\u0430 - Institut Catal\u00e0 del Peu\" \/>\n<meta property=\"og:description\" content=\"Miguel \u00c1ngel Ba\u00f1os Bernad. \u042d\u0444\u0444\u0435\u043a\u0442\u0438\u0432\u043d\u043e\u0441\u0442\u044c \u0438 \u043e\u043f\u044b\u0442\u043d\u044b\u0439 \u043f\u0440\u043e\u0444\u0435\u0441\u0441\u0438\u043e\u043d\u0430\u043b\u044c\u043d\u044b\u0439 \u043a\u043e\u043b\u043b\u0435\u043a\u0442\u0438\u0432 \u043d\u0430\u0445\u043e\u0434\u0438\u0442 \u0441\u0432\u043e\u0435 \u043e\u0442\u0440\u0430\u0436\u0435\u043d\u0438\u0435 \u0432 \u043f\u0440\u0430\u0432\u0438\u043b\u044c\u043d\u043e\u0439 \u0438\u043d\u0442\u0435\u0440\u043f\u0440\u0435\u0442\u0430\u0446\u0438\u0438 \u0440\u0435\u0437\u0443\u043b\u044c\u0442\u0430\u0442\u043e\u0432 \u0438 \u0434\u0438\u0430\u0433\u043d\u043e\u0437\u043e\u0432.\" \/>\n<meta property=\"og:url\" content=\"https:\/\/old.institutcataladelpeu.com\/ru\/\u043e-\u043d\u0430\u0441\/\u0434\u0438\u0440\u0435\u043a\u0442\u0438\u0432\u0430\/\" \/>\n<meta property=\"og:site_name\" content=\"Institut Catal\u00e0 del Peu\" \/>\n<meta property=\"article:publisher\" content=\"https:\/\/www.facebook.com\/institutcataladelpeu\/\" \/>\n<meta property=\"article:modified_time\" content=\"2017-06-06T13:54:58+00:00\" \/>\n<meta property=\"og:image\" content=\"https:\/\/old.institutcataladelpeu.com\/wp-content\/uploads\/2016\/01\/podologia-barcelona1-1.jpg\" \/>\n\t<meta property=\"og:image:width\" content=\"1920\" \/>\n\t<meta property=\"og:image:height\" content=\"786\" \/>\n\t<meta property=\"og:image:type\" content=\"image\/jpeg\" \/>\n<meta name=\"twitter:card\" content=\"summary_large_image\" \/>\n<meta name=\"twitter:site\" content=\"@ICPeu\" \/>\n<script type=\"application\/ld+json\" class=\"yoast-schema-graph\">{\"@context\":\"https:\\\/\\\/schema.org\",\"@graph\":[{\"@type\":\"WebPage\",\"@id\":\"https:\\\/\\\/old.institutcataladelpeu.com\\\/ru\\\/%d0%be-%d0%bd%d0%b0%d1%81\\\/%d0%b4%d0%b8%d1%80%d0%b5%d0%ba%d1%82%d0%b8%d0%b2%d0%b0\\\/\",\"url\":\"https:\\\/\\\/old.institutcataladelpeu.com\\\/ru\\\/%d0%be-%d0%bd%d0%b0%d1%81\\\/%d0%b4%d0%b8%d1%80%d0%b5%d0%ba%d1%82%d0%b8%d0%b2%d0%b0\\\/\",\"name\":\"\u0414\u0438\u0440\u0435\u043a\u0442\u0438\u0432\u0430 - Institut Catal\u00e0 del Peu\",\"isPartOf\":{\"@id\":\"https:\\\/\\\/old.institutcataladelpeu.com\\\/en\\\/#website\"},\"datePublished\":\"2016-01-05T09:16:16+00:00\",\"dateModified\":\"2017-06-06T13:54:58+00:00\",\"description\":\"Miguel \u00c1ngel Ba\u00f1os Bernad. \u042d\u0444\u0444\u0435\u043a\u0442\u0438\u0432\u043d\u043e\u0441\u0442\u044c \u0438 \u043e\u043f\u044b\u0442\u043d\u044b\u0439 \u043f\u0440\u043e\u0444\u0435\u0441\u0441\u0438\u043e\u043d\u0430\u043b\u044c\u043d\u044b\u0439 \u043a\u043e\u043b\u043b\u0435\u043a\u0442\u0438\u0432 \u043d\u0430\u0445\u043e\u0434\u0438\u0442 \u0441\u0432\u043e\u0435 \u043e\u0442\u0440\u0430\u0436\u0435\u043d\u0438\u0435 \u0432 \u043f\u0440\u0430\u0432\u0438\u043b\u044c\u043d\u043e\u0439 \u0438\u043d\u0442\u0435\u0440\u043f\u0440\u0435\u0442\u0430\u0446\u0438\u0438 \u0440\u0435\u0437\u0443\u043b\u044c\u0442\u0430\u0442\u043e\u0432 \u0438 \u0434\u0438\u0430\u0433\u043d\u043e\u0437\u043e\u0432.\",\"breadcrumb\":{\"@id\":\"https:\\\/\\\/old.institutcataladelpeu.com\\\/ru\\\/%d0%be-%d0%bd%d0%b0%d1%81\\\/%d0%b4%d0%b8%d1%80%d0%b5%d0%ba%d1%82%d0%b8%d0%b2%d0%b0\\\/#breadcrumb\"},\"inLanguage\":\"ru-RU\",\"potentialAction\":[{\"@type\":\"ReadAction\",\"target\":[\"https:\\\/\\\/old.institutcataladelpeu.com\\\/ru\\\/%d0%be-%d0%bd%d0%b0%d1%81\\\/%d0%b4%d0%b8%d1%80%d0%b5%d0%ba%d1%82%d0%b8%d0%b2%d0%b0\\\/\"]}]},{\"@type\":\"BreadcrumbList\",\"@id\":\"https:\\\/\\\/old.institutcataladelpeu.com\\\/ru\\\/%d0%be-%d0%bd%d0%b0%d1%81\\\/%d0%b4%d0%b8%d1%80%d0%b5%d0%ba%d1%82%d0%b8%d0%b2%d0%b0\\\/#breadcrumb\",\"itemListElement\":[{\"@type\":\"ListItem\",\"position\":1,\"name\":\"Portada\",\"item\":\"https:\\\/\\\/old.institutcataladelpeu.com\\\/ru\\\/\"},{\"@type\":\"ListItem\",\"position\":2,\"name\":\"\u041e \u043d\u0430\u0441\",\"item\":\"https:\\\/\\\/old.institutcataladelpeu.com\\\/ru\\\/%d0%be-%d0%bd%d0%b0%d1%81\\\/\"},{\"@type\":\"ListItem\",\"position\":3,\"name\":\"\u0414\u0438\u0440\u0435\u043a\u0442\u0438\u0432\u0430\"}]},{\"@type\":\"WebSite\",\"@id\":\"https:\\\/\\\/old.institutcataladelpeu.com\\\/en\\\/#website\",\"url\":\"https:\\\/\\\/old.institutcataladelpeu.com\\\/en\\\/\",\"name\":\"Institut Catal\u00e0 del Peu\",\"description\":\"Podolog\u00eda Barcelona\",\"publisher\":{\"@id\":\"https:\\\/\\\/old.institutcataladelpeu.com\\\/en\\\/#organization\"},\"potentialAction\":[{\"@type\":\"SearchAction\",\"target\":{\"@type\":\"EntryPoint\",\"urlTemplate\":\"https:\\\/\\\/old.institutcataladelpeu.com\\\/en\\\/?s={search_term_string}\"},\"query-input\":{\"@type\":\"PropertyValueSpecification\",\"valueRequired\":true,\"valueName\":\"search_term_string\"}}],\"inLanguage\":\"ru-RU\"},{\"@type\":\"Organization\",\"@id\":\"https:\\\/\\\/old.institutcataladelpeu.com\\\/en\\\/#organization\",\"name\":\"Institut Catal\u00e0 del Peu\",\"url\":\"https:\\\/\\\/old.institutcataladelpeu.com\\\/en\\\/\",\"logo\":{\"@type\":\"ImageObject\",\"inLanguage\":\"ru-RU\",\"@id\":\"https:\\\/\\\/old.institutcataladelpeu.com\\\/en\\\/#\\\/schema\\\/logo\\\/image\\\/\",\"url\":\"http:\\\/\\\/old.institutcataladelpeu.com\\\/wp-content\\\/uploads\\\/2018\\\/01\\\/logo-ICP-nou.png\",\"contentUrl\":\"http:\\\/\\\/old.institutcataladelpeu.com\\\/wp-content\\\/uploads\\\/2018\\\/01\\\/logo-ICP-nou.png\",\"width\":335,\"height\":210,\"caption\":\"Institut Catal\u00e0 del Peu\"},\"image\":{\"@id\":\"https:\\\/\\\/old.institutcataladelpeu.com\\\/en\\\/#\\\/schema\\\/logo\\\/image\\\/\"},\"sameAs\":[\"https:\\\/\\\/www.facebook.com\\\/institutcataladelpeu\\\/\",\"https:\\\/\\\/x.com\\\/ICPeu\",\"https:\\\/\\\/www.instagram.com\\\/institutcataladelpeu\\\/\",\"https:\\\/\\\/www.linkedin.com\\\/company\\\/institut-catala-del-peu\\\/\",\"https:\\\/\\\/www.pinterest.com\\\/institutcataladelpeu\\\/\",\"https:\\\/\\\/www.youtube.com\\\/channel\\\/UCBNI2UFUkMTtXV8lebNvvLA\"]}]}<\/script>\n<!-- \/ Yoast SEO plugin. -->","yoast_head_json":{"title":"\u0414\u0438\u0440\u0435\u043a\u0442\u0438\u0432\u0430 - Institut Catal\u00e0 del Peu","description":"Miguel \u00c1ngel Ba\u00f1os Bernad. \u042d\u0444\u0444\u0435\u043a\u0442\u0438\u0432\u043d\u043e\u0441\u0442\u044c \u0438 \u043e\u043f\u044b\u0442\u043d\u044b\u0439 \u043f\u0440\u043e\u0444\u0435\u0441\u0441\u0438\u043e\u043d\u0430\u043b\u044c\u043d\u044b\u0439 \u043a\u043e\u043b\u043b\u0435\u043a\u0442\u0438\u0432 \u043d\u0430\u0445\u043e\u0434\u0438\u0442 \u0441\u0432\u043e\u0435 \u043e\u0442\u0440\u0430\u0436\u0435\u043d\u0438\u0435 \u0432 \u043f\u0440\u0430\u0432\u0438\u043b\u044c\u043d\u043e\u0439 \u0438\u043d\u0442\u0435\u0440\u043f\u0440\u0435\u0442\u0430\u0446\u0438\u0438 \u0440\u0435\u0437\u0443\u043b\u044c\u0442\u0430\u0442\u043e\u0432 \u0438 \u0434\u0438\u0430\u0433\u043d\u043e\u0437\u043e\u0432.","robots":{"index":"noindex","follow":"follow","max-snippet":"max-snippet:-1","max-image-preview":"max-image-preview:large","max-video-preview":"max-video-preview:-1"},"og_locale":"ru_RU","og_type":"article","og_title":"\u0414\u0438\u0440\u0435\u043a\u0442\u0438\u0432\u0430 - Institut Catal\u00e0 del Peu","og_description":"Miguel \u00c1ngel Ba\u00f1os Bernad. \u042d\u0444\u0444\u0435\u043a\u0442\u0438\u0432\u043d\u043e\u0441\u0442\u044c \u0438 \u043e\u043f\u044b\u0442\u043d\u044b\u0439 \u043f\u0440\u043e\u0444\u0435\u0441\u0441\u0438\u043e\u043d\u0430\u043b\u044c\u043d\u044b\u0439 \u043a\u043e\u043b\u043b\u0435\u043a\u0442\u0438\u0432 \u043d\u0430\u0445\u043e\u0434\u0438\u0442 \u0441\u0432\u043e\u0435 \u043e\u0442\u0440\u0430\u0436\u0435\u043d\u0438\u0435 \u0432 \u043f\u0440\u0430\u0432\u0438\u043b\u044c\u043d\u043e\u0439 \u0438\u043d\u0442\u0435\u0440\u043f\u0440\u0435\u0442\u0430\u0446\u0438\u0438 \u0440\u0435\u0437\u0443\u043b\u044c\u0442\u0430\u0442\u043e\u0432 \u0438 \u0434\u0438\u0430\u0433\u043d\u043e\u0437\u043e\u0432.","og_url":"https:\/\/old.institutcataladelpeu.com\/ru\/\u043e-\u043d\u0430\u0441\/\u0434\u0438\u0440\u0435\u043a\u0442\u0438\u0432\u0430\/","og_site_name":"Institut Catal\u00e0 del Peu","article_publisher":"https:\/\/www.facebook.com\/institutcataladelpeu\/","article_modified_time":"2017-06-06T13:54:58+00:00","og_image":[{"width":1920,"height":786,"url":"https:\/\/old.institutcataladelpeu.com\/wp-content\/uploads\/2016\/01\/podologia-barcelona1-1.jpg","type":"image\/jpeg"}],"twitter_card":"summary_large_image","twitter_site":"@ICPeu","schema":{"@context":"https:\/\/schema.org","@graph":[{"@type":"WebPage","@id":"https:\/\/old.institutcataladelpeu.com\/ru\/%d0%be-%d0%bd%d0%b0%d1%81\/%d0%b4%d0%b8%d1%80%d0%b5%d0%ba%d1%82%d0%b8%d0%b2%d0%b0\/","url":"https:\/\/old.institutcataladelpeu.com\/ru\/%d0%be-%d0%bd%d0%b0%d1%81\/%d0%b4%d0%b8%d1%80%d0%b5%d0%ba%d1%82%d0%b8%d0%b2%d0%b0\/","name":"\u0414\u0438\u0440\u0435\u043a\u0442\u0438\u0432\u0430 - Institut Catal\u00e0 del Peu","isPartOf":{"@id":"https:\/\/old.institutcataladelpeu.com\/en\/#website"},"datePublished":"2016-01-05T09:16:16+00:00","dateModified":"2017-06-06T13:54:58+00:00","description":"Miguel \u00c1ngel Ba\u00f1os Bernad. \u042d\u0444\u0444\u0435\u043a\u0442\u0438\u0432\u043d\u043e\u0441\u0442\u044c \u0438 \u043e\u043f\u044b\u0442\u043d\u044b\u0439 \u043f\u0440\u043e\u0444\u0435\u0441\u0441\u0438\u043e\u043d\u0430\u043b\u044c\u043d\u044b\u0439 \u043a\u043e\u043b\u043b\u0435\u043a\u0442\u0438\u0432 \u043d\u0430\u0445\u043e\u0434\u0438\u0442 \u0441\u0432\u043e\u0435 \u043e\u0442\u0440\u0430\u0436\u0435\u043d\u0438\u0435 \u0432 \u043f\u0440\u0430\u0432\u0438\u043b\u044c\u043d\u043e\u0439 \u0438\u043d\u0442\u0435\u0440\u043f\u0440\u0435\u0442\u0430\u0446\u0438\u0438 \u0440\u0435\u0437\u0443\u043b\u044c\u0442\u0430\u0442\u043e\u0432 \u0438 \u0434\u0438\u0430\u0433\u043d\u043e\u0437\u043e\u0432.","breadcrumb":{"@id":"https:\/\/old.institutcataladelpeu.com\/ru\/%d0%be-%d0%bd%d0%b0%d1%81\/%d0%b4%d0%b8%d1%80%d0%b5%d0%ba%d1%82%d0%b8%d0%b2%d0%b0\/#breadcrumb"},"inLanguage":"ru-RU","potentialAction":[{"@type":"ReadAction","target":["https:\/\/old.institutcataladelpeu.com\/ru\/%d0%be-%d0%bd%d0%b0%d1%81\/%d0%b4%d0%b8%d1%80%d0%b5%d0%ba%d1%82%d0%b8%d0%b2%d0%b0\/"]}]},{"@type":"BreadcrumbList","@id":"https:\/\/old.institutcataladelpeu.com\/ru\/%d0%be-%d0%bd%d0%b0%d1%81\/%d0%b4%d0%b8%d1%80%d0%b5%d0%ba%d1%82%d0%b8%d0%b2%d0%b0\/#breadcrumb","itemListElement":[{"@type":"ListItem","position":1,"name":"Portada","item":"https:\/\/old.institutcataladelpeu.com\/ru\/"},{"@type":"ListItem","position":2,"name":"\u041e \u043d\u0430\u0441","item":"https:\/\/old.institutcataladelpeu.com\/ru\/%d0%be-%d0%bd%d0%b0%d1%81\/"},{"@type":"ListItem","position":3,"name":"\u0414\u0438\u0440\u0435\u043a\u0442\u0438\u0432\u0430"}]},{"@type":"WebSite","@id":"https:\/\/old.institutcataladelpeu.com\/en\/#website","url":"https:\/\/old.institutcataladelpeu.com\/en\/","name":"Institut Catal\u00e0 del Peu","description":"Podolog\u00eda Barcelona","publisher":{"@id":"https:\/\/old.institutcataladelpeu.com\/en\/#organization"},"potentialAction":[{"@type":"SearchAction","target":{"@type":"EntryPoint","urlTemplate":"https:\/\/old.institutcataladelpeu.com\/en\/?s={search_term_string}"},"query-input":{"@type":"PropertyValueSpecification","valueRequired":true,"valueName":"search_term_string"}}],"inLanguage":"ru-RU"},{"@type":"Organization","@id":"https:\/\/old.institutcataladelpeu.com\/en\/#organization","name":"Institut Catal\u00e0 del Peu","url":"https:\/\/old.institutcataladelpeu.com\/en\/","logo":{"@type":"ImageObject","inLanguage":"ru-RU","@id":"https:\/\/old.institutcataladelpeu.com\/en\/#\/schema\/logo\/image\/","url":"http:\/\/old.institutcataladelpeu.com\/wp-content\/uploads\/2018\/01\/logo-ICP-nou.png","contentUrl":"http:\/\/old.institutcataladelpeu.com\/wp-content\/uploads\/2018\/01\/logo-ICP-nou.png","width":335,"height":210,"caption":"Institut Catal\u00e0 del Peu"},"image":{"@id":"https:\/\/old.institutcataladelpeu.com\/en\/#\/schema\/logo\/image\/"},"sameAs":["https:\/\/www.facebook.com\/institutcataladelpeu\/","https:\/\/x.com\/ICPeu","https:\/\/www.instagram.com\/institutcataladelpeu\/","https:\/\/www.linkedin.com\/company\/institut-catala-del-peu\/","https:\/\/www.pinterest.com\/institutcataladelpeu\/","https:\/\/www.youtube.com\/channel\/UCBNI2UFUkMTtXV8lebNvvLA"]}]}},"amp_enabled":true,"_links":{"self":[{"href":"https:\/\/old.institutcataladelpeu.com\/ru\/wp-json\/wp\/v2\/pages\/45","targetHints":{"allow":["GET"]}}],"collection":[{"href":"https:\/\/old.institutcataladelpeu.com\/ru\/wp-json\/wp\/v2\/pages"}],"about":[{"href":"https:\/\/old.institutcataladelpeu.com\/ru\/wp-json\/wp\/v2\/types\/page"}],"author":[{"embeddable":true,"href":"https:\/\/old.institutcataladelpeu.com\/ru\/wp-json\/wp\/v2\/users\/1"}],"replies":[{"embeddable":true,"href":"https:\/\/old.institutcataladelpeu.com\/ru\/wp-json\/wp\/v2\/comments?post=45"}],"version-history":[{"count":0,"href":"https:\/\/old.institutcataladelpeu.com\/ru\/wp-json\/wp\/v2\/pages\/45\/revisions"}],"up":[{"embeddable":true,"href":"https:\/\/old.institutcataladelpeu.com\/ru\/wp-json\/wp\/v2\/pages\/28"}],"wp:attachment":[{"href":"https:\/\/old.institutcataladelpeu.com\/ru\/wp-json\/wp\/v2\/media?parent=45"}],"curies":[{"name":"wp","href":"https:\/\/api.w.org\/{rel}","templated":true}]}}